{"id":80,"date":"2025-09-10T10:00:04","date_gmt":"2025-09-10T10:00:04","guid":{"rendered":"https:\/\/oumos.cocoart.rocks\/?page_id=80"},"modified":"2025-09-11T07:13:40","modified_gmt":"2025-09-11T07:13:40","slug":"home","status":"publish","type":"page","link":"https:\/\/oumos.cocoart.rocks\/fr\/","title":{"rendered":"Home"},"content":{"rendered":"<div class=\"wpb-content-wrapper\"><div data-parent=\"true\" class=\"vc_row style-back_color-940229-bg row-container onepage-section\" data-label=\"Hello\" data-name=\"hello\" id=\"row-unique-0\"><div class=\"row-background background-element\" style=\"opacity: 1;\">\n\t\t\t\t\t\t\t\t\t\t\t<div class=\"background-wrapper\">\n\t\t\t\t\t\t\t\t\t\t\t\t<div class=\"background-inner\"><\/div>\n\t\t\t\t\t\t\t\t\t\t\t\t<div class=\"block-bg-overlay style-color-xsdn-bg\" style=\"opacity: 0.9;\"><\/div>\n\t\t\t\t\t\t\t\t\t\t\t<\/div>\n\t\t\t\t\t\t\t\t\t\t<\/div><div class=\"row limit-width row-parent\" data-height-ratio=\"full\"><div class=\"wpb_row row-inner\"><div class=\"wpb_column pos-top pos-center align_left column_parent col-lg-12 col-md-50 single-internal-gutter\"><div class=\"uncol style-light unexpand animate_when_almost_visible bottom-t-top\"  data-delay=\"200\"><div class=\"uncoltable\"><div class=\"uncell single-block-padding style-color-xsdn-bg\" ><div class=\"column-background background-element\">\n\t\t\t\t\t\t\t\t\t\t\t<div class=\"background-wrapper\">\n\t\t\t\t\t\t\t\t\t\t\t\t<div class=\"background-inner\" style=\"background-image: url(https:\/\/oumos.cocoart.rocks\/wp-content\/uploads\/2025\/09\/Musee_cover_test_4-scaled.webp);background-repeat: no-repeat;background-position: center center;background-size: cover;\" data-o_src=\"https:\/\/oumos.cocoart.rocks\/wp-content\/uploads\/2025\/09\/Musee_cover_test_4-scaled.webp\"><\/div>\n\t\t\t\t\t\t\t\t\t\t\t\t\n\t\t\t\t\t\t\t\t\t\t\t<\/div>\n\t\t\t\t\t\t\t\t\t\t<\/div><div class=\"uncont\" ><div class=\"vc_row row-internal row-container\"><div class=\"row row-child\"><div class=\"wpb_row row-inner\"><div class=\"wpb_column pos-top pos-center align_center column_child col-lg-6 col-md-50 single-internal-gutter\"><div class=\"uncol style-light\" ><div class=\"uncoltable\"><div class=\"uncell no-block-padding\" ><div class=\"uncont\" ><div class=\"vc_custom_heading_wrap\"><div class=\"heading-text el-text alpha-anim animate_when_almost_visible\" ><h1 class=\"h1 text-text_color-625828-color\" ><span><\/p><\/span><span><h1 style=\"font-size: 200%; text-align: center;\"><span style=\"color: #e2e2e2;\">Mus\u00e9e<\/span><\/h1><\/span><span><p><\/span><\/h1><\/div><div class=\"clear\"><\/div><\/div><\/div><\/div><\/div><\/div><\/div><\/div><\/div><\/div><\/div><\/div><\/div><\/div><\/div><script id=\"script-row-unique-0\" data-row=\"script-row-unique-0\" type=\"text\/javascript\" class=\"vc_controls\">UNCODE.initRow(document.getElementById(\"row-unique-0\"));<\/script><\/div><\/div><\/div><div data-parent=\"true\" class=\"vc_row style-color-xsdn-bg row-container\" id=\"row-unique-1\"><div class=\"row quad-top-padding quad-bottom-padding single-h-padding limit-width row-parent\"><div class=\"wpb_row row-inner\"><div class=\"wpb_column pos-middle pos-center align_left column_parent col-lg-12 single-internal-gutter\"><div class=\"uncol style-light\"  ><div class=\"uncoltable\"><div class=\"uncell\" ><div class=\"uncont no-block-padding col-custom-width\" style=\" max-width:50%;\" ><div class=\"vc_custom_heading_wrap\"><div class=\"heading-text el-text\" ><\/div><div class=\"clear\"><\/div><\/div><div class=\"vc_custom_heading_wrap\"><div class=\"heading-text el-text\" ><h1 class=\"h1 font-weight-300 text-color-gyho-color\" ><span><\/p><\/span><span><h2 data-cascade=\"\">D\u00e9couvrez le temple de l'art, ressentez la purification de l'\u00e2me, la rencontre entre le classique et le futur, et commencez un voyage spirituel<\/h2><\/span><span><p><\/span><\/h1><\/div><div class=\"clear\"><\/div><\/div><div class=\"vc_custom_heading_wrap\"><div class=\"heading-text el-text\" ><p class=\"font-weight-100\" ><span>When you open the Museum Series, it&#8217;s not just an ordinary visit but an interaction between art and the soul. Each external setup and internal experience tells its own story. Whether you are an art enthusiast or a newcomer to the art world, the museum offers you a unique sensory feast.<\/p><\/span><span><p>Exp\u00e9rience interactive : Gr\u00e2ce \u00e0 nos options d'int\u00e9rieur interactif et d'accessoires ext\u00e9rieurs personnalis\u00e9s, plongez plus profond\u00e9ment dans l'histoire et le processus de cr\u00e9ation de votre propre \u0153uvre artistique.<\/p><\/span><span><p>Venez d\u00e9couvrir Mus\u00e9e, commencez votre voyage artistique, cr\u00e9ez vos propres \u0153uvres d'art et laissez une histoire \u00e9mouvante et inoubliable. Permettez-nous d'explorer ensemble ce tr\u00e9sor artistique.<\/span><\/p><\/div><div class=\"clear\"><\/div><\/div><div class=\"uncode_text_column\" ><\/div><\/div><\/div><\/div><\/div><\/div><script id=\"script-row-unique-1\" data-row=\"script-row-unique-1\" type=\"text\/javascript\" class=\"vc_controls\">UNCODE.initRow(document.getElementById(\"row-unique-1\"));<\/script><\/div><\/div><\/div><div data-parent=\"true\" class=\"vc_row style-color-wayh-bg row-container magnetic with-parallax\" id=\"row-unique-2\"><div class=\"uncode-multi-bgs\" data-transition-time=\"100\" data-transition=\"mouse\" data-transition-pace=\"200\" data-carousel-mobile=\"yes\" data-carousel-time=\"5000\" data-transition-threshold=\"0\"><div class=\"row-background background-element multi-background\">\n\t\t\t\t\t\t\t\t\t\t\t<div class=\"background-wrapper\">\n\t\t\t\t\t\t\t\t\t\t\t\t<div class=\"background-inner\" style=\"background-image: url(https:\/\/oumos.cocoart.rocks\/wp-content\/uploads\/2025\/09\/image-placeholder-5-min.jpg);background-repeat: no-repeat;background-position: center bottom;background-size: cover;\"><\/div>\n\t\t\t\t\t\t\t\t\t\t\t\t<div class=\"block-bg-overlay style-color-wayh-bg\" style=\"opacity: 0.15;\"><\/div>\n\t\t\t\t\t\t\t\t\t\t\t<\/div>\n\t\t\t\t\t\t\t\t\t\t<\/div><div class=\"row-background background-element multi-background\">\n\t\t\t\t\t\t\t\t\t\t\t<div class=\"background-wrapper\">\n\t\t\t\t\t\t\t\t\t\t\t\t<div class=\"background-inner\" style=\"background-image: url(https:\/\/oumos.cocoart.rocks\/wp-content\/uploads\/2025\/09\/image-placeholder-6-min.jpg);background-repeat: no-repeat;background-position: center bottom;background-size: cover;\"><\/div>\n\t\t\t\t\t\t\t\t\t\t\t\t<div class=\"block-bg-overlay style-color-wayh-bg\" style=\"opacity: 0.15;\"><\/div>\n\t\t\t\t\t\t\t\t\t\t\t<\/div>\n\t\t\t\t\t\t\t\t\t\t<\/div><div class=\"row-background background-element multi-background\">\n\t\t\t\t\t\t\t\t\t\t\t<div class=\"background-wrapper\">\n\t\t\t\t\t\t\t\t\t\t\t\t<div class=\"background-inner\" style=\"background-image: url(https:\/\/oumos.cocoart.rocks\/wp-content\/uploads\/2025\/09\/image-placeholder-2-min.jpg);background-repeat: no-repeat;background-position: center bottom;background-size: cover;\"><\/div>\n\t\t\t\t\t\t\t\t\t\t\t\t<div class=\"block-bg-overlay style-color-wayh-bg\" style=\"opacity: 0.15;\"><\/div>\n\t\t\t\t\t\t\t\t\t\t\t<\/div>\n\t\t\t\t\t\t\t\t\t\t<\/div><div class=\"row-background background-element multi-background\">\n\t\t\t\t\t\t\t\t\t\t\t<div class=\"background-wrapper\">\n\t\t\t\t\t\t\t\t\t\t\t\t<div class=\"background-inner\" style=\"background-image: url(https:\/\/oumos.cocoart.rocks\/wp-content\/uploads\/2025\/09\/image-placeholder-1-min.jpg);background-repeat: no-repeat;background-position: center bottom;background-size: cover;\"><\/div>\n\t\t\t\t\t\t\t\t\t\t\t\t<div class=\"block-bg-overlay style-color-wayh-bg\" style=\"opacity: 0.15;\"><\/div>\n\t\t\t\t\t\t\t\t\t\t\t<\/div>\n\t\t\t\t\t\t\t\t\t\t<\/div><\/div><div class=\"row quad-top-padding quad-bottom-padding single-h-padding limit-width row-parent\" data-height-ratio=\"80\"><div class=\"wpb_row row-inner\"><div class=\"wpb_column pos-middle pos-center align_center column_parent col-lg-12 single-internal-gutter\"><div class=\"uncol style-dark unexpand\"  ><div class=\"uncoltable\" style=\"min-height: 380px;\"><div class=\"uncell single-block-padding\" ><div class=\"column-background background-element\">\n\t\t\t\t\t\t\t\t\t\t\t<div class=\"background-wrapper\">\n\t\t\t\t\t\t\t\t\t\t\t\t<div class=\"background-inner\" style=\"background-image: url(https:\/\/oumos.cocoart.rocks\/wp-content\/uploads\/2025\/09\/home_2-scaled.jpg);background-repeat: no-repeat;background-position: center center;background-size: cover;\" data-o_src=\"https:\/\/oumos.cocoart.rocks\/wp-content\/uploads\/2025\/09\/home_2-scaled.jpg\"><\/div>\n\t\t\t\t\t\t\t\t\t\t\t\t\n\t\t\t\t\t\t\t\t\t\t\t<\/div>\n\t\t\t\t\t\t\t\t\t\t<\/div><div class=\"uncont\" ><\/div><\/div><\/div><\/div><\/div><script id=\"script-row-unique-2\" data-row=\"script-row-unique-2\" type=\"text\/javascript\" class=\"vc_controls\">UNCODE.initRow(document.getElementById(\"row-unique-2\"));<\/script><\/div><\/div><\/div><div data-parent=\"true\" class=\"vc_row style-color-wayh-bg row-container with-parallax onepage-section\" data-label=\"Welcome\" data-name=\"welcome\" id=\"row-unique-3\"><div class=\"row-background background-element\">\n\t\t\t\t\t\t\t\t\t\t\t<div class=\"background-wrapper\">\n\t\t\t\t\t\t\t\t\t\t\t\t<div class=\"background-inner\" style=\"background-image: url(https:\/\/oumos.cocoart.rocks\/wp-content\/uploads\/2025\/09\/image-placeholder-6-min.jpg);background-repeat: no-repeat;background-position: center center;background-size: cover;\"><\/div>\n\t\t\t\t\t\t\t\t\t\t\t\t<div class=\"block-bg-overlay style-color-wayh-bg\" style=\"opacity: 0.5;\"><\/div>\n\t\t\t\t\t\t\t\t\t\t\t<\/div>\n\t\t\t\t\t\t\t\t\t\t<\/div><div class=\"row quad-top-padding quad-bottom-padding single-h-padding limit-width row-parent\" data-height-ratio=\"80\"><div class=\"wpb_row row-inner\"><div class=\"wpb_column pos-middle pos-center align_center column_parent col-lg-12 single-internal-gutter\"><div class=\"uncol style-dark unexpand\"  ><div class=\"uncoltable\"><div class=\"uncell\" ><div class=\"column-background background-element\">\n\t\t\t\t\t\t\t\t\t\t\t<div class=\"background-wrapper\">\n\t\t\t\t\t\t\t\t\t\t\t\t<div class=\"background-inner\" style=\"background-image: url(https:\/\/oumos.cocoart.rocks\/wp-content\/uploads\/2025\/09\/home_3-scaled.jpg);background-repeat: no-repeat;background-position: center center;background-size: cover;\" data-o_src=\"https:\/\/oumos.cocoart.rocks\/wp-content\/uploads\/2025\/09\/home_3-scaled.jpg\"><\/div>\n\t\t\t\t\t\t\t\t\t\t\t\t\n\t\t\t\t\t\t\t\t\t\t\t<\/div>\n\t\t\t\t\t\t\t\t\t\t<\/div><div class=\"uncont single-block-padding col-custom-width\" style=\" max-width:900px;\" ><div class=\"vc_row row-internal row-container\"><div class=\"row row-child\"><div class=\"wpb_row row-inner\"><div class=\"wpb_column pos-top pos-center align_center column_child col-lg-12 single-internal-gutter\"><div class=\"uncol style-dark\" ><div class=\"uncoltable\"><div class=\"uncell no-block-padding\" ><div class=\"uncont\" style=\" max-width:900px;\" ><div class=\"vc_custom_heading_wrap\"><div class=\"heading-text el-text zoom-in animate_when_almost_visible\" ><h1 class=\"h1\" ><span><\/p><\/span><span><h2 class=\"banner__heading inline-richtext h2\" style=\"text-align: center;\">EXPLOREZ. VIVEZ. VOLEZ.<\/h2><\/span><span><p><\/span><\/h1><\/div><div class=\"clear\"><\/div><\/div><\/div><\/div><\/div><\/div><\/div><\/div><\/div><\/div><\/div><\/div><\/div><\/div><\/div><script id=\"script-row-unique-3\" data-row=\"script-row-unique-3\" type=\"text\/javascript\" class=\"vc_controls\">UNCODE.initRow(document.getElementById(\"row-unique-3\"));<\/script><\/div><\/div><\/div>\n<\/div>","protected":false},"excerpt":{"rendered":"Mus\u00e9eExploring the Sanctuary of Art, Feeling the Purification of the Soul, the Collision of Classic and Future, Embarking on a [...]","protected":false},"author":1,"featured_media":0,"parent":0,"menu_order":0,"comment_status":"closed","ping_status":"closed","template":"","meta":{"footnotes":""},"class_list":["post-80","page","type-page","status-publish","hentry"],"_links":{"self":[{"href":"https:\/\/oumos.cocoart.rocks\/fr\/wp-json\/wp\/v2\/pages\/80","targetHints":{"allow":["GET"]}}],"collection":[{"href":"https:\/\/oumos.cocoart.rocks\/fr\/wp-json\/wp\/v2\/pages"}],"about":[{"href":"https:\/\/oumos.cocoart.rocks\/fr\/wp-json\/wp\/v2\/types\/page"}],"author":[{"embeddable":true,"href":"https:\/\/oumos.cocoart.rocks\/fr\/wp-json\/wp\/v2\/users\/1"}],"replies":[{"embeddable":true,"href":"https:\/\/oumos.cocoart.rocks\/fr\/wp-json\/wp\/v2\/comments?post=80"}],"version-history":[{"count":16,"href":"https:\/\/oumos.cocoart.rocks\/fr\/wp-json\/wp\/v2\/pages\/80\/revisions"}],"predecessor-version":[{"id":103,"href":"https:\/\/oumos.cocoart.rocks\/fr\/wp-json\/wp\/v2\/pages\/80\/revisions\/103"}],"wp:attachment":[{"href":"https:\/\/oumos.cocoart.rocks\/fr\/wp-json\/wp\/v2\/media?parent=80"}],"curies":[{"name":"wp","href":"https:\/\/api.w.org\/{rel}","templated":true}]}}